{"id":245,"date":"2017-10-13T12:33:29","date_gmt":"2017-10-13T15:33:29","guid":{"rendered":"http:\/\/www.lucianaanderson.com\/?page_id=245"},"modified":"2017-10-24T12:08:34","modified_gmt":"2017-10-24T15:08:34","slug":"sobre-mi","status":"publish","type":"page","link":"http:\/\/www.lucianaanderson.com\/?page_id=245","title":{"rendered":""},"content":{"rendered":"<p>&nbsp;<\/p>\n<p>&nbsp;<\/p>\n<h1>LUCIANA GONZALEZ ANDERSON<\/h1>\n<h1><img loading=\"lazy\" decoding=\"async\" data-attachment-id=\"169\" data-permalink=\"http:\/\/www.lucianaanderson.com\/?attachment_id=169\" data-orig-file=\"https:\/\/i0.wp.com\/www.lucianaanderson.com\/wp-content\/uploads\/2013\/12\/FullSizeRender-1.jpg?fit=3024%2C4032\" data-orig-size=\"3024,4032\" data-comments-opened=\"1\" data-image-meta=\"{&quot;aperture&quot;:&quot;2.8&quot;,&quot;credit&quot;:&quot;&quot;,&quot;camera&quot;:&quot;&quot;,&quot;caption&quot;:&quot;&quot;,&quot;created_timestamp&quot;:&quot;1505045460&quot;,&quot;copyright&quot;:&quot;&quot;,&quot;focal_length&quot;:&quot;6.6&quot;,&quot;iso&quot;:&quot;20&quot;,&quot;shutter_speed&quot;:&quot;0.0065359477124183&quot;,&quot;title&quot;:&quot;&quot;,&quot;orientation&quot;:&quot;0&quot;}\" data-image-title=\"FullSizeRender\" data-image-description=\"\" data-image-caption=\"\" data-medium-file=\"https:\/\/i0.wp.com\/www.lucianaanderson.com\/wp-content\/uploads\/2013\/12\/FullSizeRender-1.jpg?fit=225%2C300\" data-large-file=\"https:\/\/i0.wp.com\/www.lucianaanderson.com\/wp-content\/uploads\/2013\/12\/FullSizeRender-1.jpg?fit=768%2C1024\" class=\"wp-image-169 alignright\" src=\"https:\/\/i0.wp.com\/www.lucianaanderson.com\/wp-content\/uploads\/2013\/12\/FullSizeRender-1.jpg?resize=449%2C599\" alt=\"\" width=\"449\" height=\"599\" srcset=\"https:\/\/i0.wp.com\/www.lucianaanderson.com\/wp-content\/uploads\/2013\/12\/FullSizeRender-1.jpg?resize=225%2C300 225w, https:\/\/i0.wp.com\/www.lucianaanderson.com\/wp-content\/uploads\/2013\/12\/FullSizeRender-1.jpg?resize=768%2C1024 768w, https:\/\/i0.wp.com\/www.lucianaanderson.com\/wp-content\/uploads\/2013\/12\/FullSizeRender-1.jpg?resize=194%2C258 194w, https:\/\/i0.wp.com\/www.lucianaanderson.com\/wp-content\/uploads\/2013\/12\/FullSizeRender-1.jpg?w=1800 1800w, https:\/\/i0.wp.com\/www.lucianaanderson.com\/wp-content\/uploads\/2013\/12\/FullSizeRender-1.jpg?w=2700 2700w\" sizes=\"(max-width: 449px) 100vw, 449px\" data-recalc-dims=\"1\" \/><\/h1>\n<h2><strong><span style=\"color: #339966;\">ARQUITECTA<\/span><\/strong><\/h2>\n<p style=\"text-align: left;\"><div class='columns1'>\n                <div class='row'><div class='col-md-6'><p><\/p>\n<p>\u00a0\u00a0\u00a0Egres\u00e9 de la carrera de Arquitectura en la Universidad de Palermo, Buenos Aires, Argentina en el a\u00f1o 2014. Luego de vivir en la Capital por 5 a\u00f1os volv\u00ed a mi ciudad de origen, Salta \u00abla linda\u00bb, y trabaj\u00e9 durante 2 a\u00f1os en diferentes proyectos de arquitectura residencial, religiosa, educacional, deportiva y comercial. Como alguien muy interesada en edificios y t\u00e9cnicas de construcci\u00f3n, dedico gran parte de mi tiempo no solo al estudio e investigaci\u00f3n de los nuevos avances tecnol\u00f3gicos del \u00e1mbito arquitect\u00f3nico sino tambi\u00e9n a la pr\u00e1ctica del dise\u00f1o en un sentido global. Es decir a trav\u00e9s de la m\u00fasica, pintura, escultura, dise\u00f1o industrial, fotograf\u00eda, cine, moda, dise\u00f1o gr\u00e1fico, maquetaci\u00f3n virtual, entre otros mas.<\/p>\n<p>En el a\u00f1o 2016 viaj\u00e9 a Europa para estudiar idiomas, historia y teolog\u00eda durante 1 a\u00f1o. Viv\u00ed en Suecia y adem\u00e1s de los estudios mencionados anteriormente, adquir\u00ed conocimientos sobre el aprovechamiento de las energ\u00edas renovables, el reciclaje y la organizaci\u00f3n de los espacios urbanos. Tambi\u00e9n realic\u00e9 trabajos voluntarios en Rumania por dos meses dando apoyo a ni\u00f1os y familias con problem\u00e1ticas sociales. Esta experiencia me dio una nueva visi\u00f3n sobre la profunda responsabilidad que tenemos como seres humanos de contribuir a la sociedad en el cuidado del medio ambiente para promover la seguridad, salud, higiene, protecci\u00f3n y bienestar de las personas.<\/p>\n<p>Al volver a Argentina en el 2017 continu\u00e9 trabajando con mi profesi\u00f3n y desarrollando proyectos con una visi\u00f3n en la que la conciencia social y el cuidado del medio ambiente cumplen un rol fundamental a la hora de determinar las necesidades b\u00e1sicas del proyecto a dise\u00f1ar. Mi objetivo como profesional es brindar un servicio de excelencia que satisfaga los deseos y necesidades de mis clientes y que mejore la calidad de vida de las personas.<\/p>\n<p><\/p><\/div><div class='col-md-6'><p><\/p><\/div><\/div>\n            <\/div><\/p>\n<div class='columns1'>\n                <div class='row'><div class='col-md-12'><p><\/p>\n<h1><strong><span style=\"color: #339966;\">CURRICULUM VITAE<\/span><\/strong><\/h1>\n<h5>Estudios de grado:<\/h5>\n<p style=\"padding-left: 30px;\">Arquitectura, Universidad de Palermo, Buenos Aires, Argentina, octubre 2014.<\/p>\n<h5>Menciones:<\/h5>\n<p style=\"padding-left: 30px;\">&#8211; Reconocimiento al m\u00e9rito acad\u00e9mico por la Sociedad Central de Arquitectos, Buenos Aires, Argentina, agosto 2015.<\/p>\n<h5>Cursos:<\/h5>\n<p style=\"padding-left: 30px;\">&#8211; \u00abCine, Paisaje, Arquitectura y Tiempo\u00bb, duraci\u00f3n 4 meses, Universidad de Palermo, diciembre 2013.<\/p>\n<p style=\"padding-left: 30px;\">&#8211; Taller de Fotograf\u00eda, duraci\u00f3n 4 meses, Universidad de Palermo, julio 2014.<\/p>\n<p style=\"padding-left: 30px;\">&#8211; Taller de Pl\u00e1stica, duraci\u00f3n 4 meses, Universidad de Palermo, julio 2014.<\/p>\n<p style=\"padding-left: 30px;\">&#8211; M\u00fasica, piano y guitarra, duraci\u00f3n 2 a\u00f1os, Instituto Canzion, Buenos Aires, Argentina, diciembre 2012.<\/p>\n<p style=\"padding-left: 30px;\">&#8211; Curso de dise\u00f1o y producci\u00f3n escenogr\u00e1fica, UCASAL, Salta, Argentina, junio 2015.<\/p>\n<p style=\"padding-left: 30px;\">&#8211; Curso teolog\u00eda y misi\u00f3n, duraci\u00f3n 1 a\u00f1o, Nikodemusinstitutet, Link\u00f6ping, Suecia, Junio 2017.<\/p>\n<p style=\"padding-left: 30px;\">&#8211; Curso revista Living \u00abLuz y Color\u00bb, duraci\u00f3n 2 meses, Universidad de Palermo,\u00a0Buenos Aires, Argentina, octubre 2017.<\/p>\n<h5>Workshops:<\/h5>\n<p style=\"padding-left: 30px;\">&#8211; WAUP internacional (Workshop Internacional de Arquitectura de la Universidad de Palermo): \u00ab\u00bfDe qu\u00e9 hablamos cuando hablamos de ciudad?\u00bb octubre-noviembre 2012.<\/p>\n<h5>Concursos:<\/h5>\n<p style=\"padding-left: 30px;\">&#8211; Concurso nacional de anteproyectos para la nueva sede del Banco Provincial de Neuqu\u00e9n, trabajo en conjunto con KLM Arquitectos, marzo 2013.<\/p>\n<h5>Programas de computaci\u00f3n:<\/h5>\n<p style=\"padding-left: 30px;\">&#8211; AutoCAD<\/p>\n<p style=\"padding-left: 30px;\">&#8211; ArchiCAD<\/p>\n<p style=\"padding-left: 30px;\">&#8211; Sketchup<\/p>\n<p style=\"padding-left: 30px;\">&#8211; Lumion<\/p>\n<p style=\"padding-left: 30px;\">&#8211; Adobe Photoshop, In design, Illustrator, Premiere<\/p>\n<p style=\"padding-left: 30px;\">&#8211; Microsoft Office Pack<\/p>\n<p style=\"padding-left: 30px;\">&#8211; Corel Video Studio<\/p>\n<h5>Idiomas:<\/h5>\n<p style=\"padding-left: 30px;\">&#8211; Espa\u00f1ol (nativo)<\/p>\n<p style=\"padding-left: 30px;\">&#8211; Ingl\u00e9s (ECCE- Examination for the Certificate of Competency in English, Michigan. First Certificate in English, Cambridge).<\/p>\n<p style=\"padding-left: 30px;\">&#8211; Sueco (SFI- Svenska f\u00f6r invandrare).<\/p>\n<p><\/p><\/div><\/div>\n            <\/div>\n<p style=\"padding-left: 30px;\">\n","protected":false},"excerpt":{"rendered":"<p>&nbsp; &nbsp; LUCIANA GONZALEZ ANDERSON ARQUITECTA<\/p>\n","protected":false},"author":1,"featured_media":0,"parent":0,"menu_order":2,"comment_status":"closed","ping_status":"closed","template":"","meta":{"jetpack_post_was_ever_published":false,"footnotes":""},"jetpack_sharing_enabled":true,"jetpack_shortlink":"https:\/\/wp.me\/P9azG3-3X","jetpack_likes_enabled":true,"jetpack-related-posts":[{"id":2,"url":"http:\/\/www.lucianaanderson.com\/?page_id=2","url_meta":{"origin":245,"position":0},"title":"P\u00e1gina de ejemplo","author":"Luciana","date":"8 abril, 2015","format":false,"excerpt":"Esto es una p\u00e1gina de ejemplo. Es diferente a una entrada porque permanece fija en un lugar y se mostrar\u00e1 en la navegaci\u00f3n de tu sitio (en la mayor\u00eda de los temas). La mayor\u00eda de la gente empieza con una p\u00e1gina de Acerca de, que les presenta a los potenciales\u2026","rel":"","context":"Entrada similar","block_context":{"text":"Entrada similar","link":""},"img":{"alt_text":"","src":"","width":0,"height":0},"classes":[]},{"id":12,"url":"http:\/\/www.lucianaanderson.com\/?page_id=12","url_meta":{"origin":245,"position":1},"title":"Caba\u00f1as tur\u00edsticas","author":"Luciana","date":"2 diciembre, 2013","format":false,"excerpt":"Se trata de un conjunto de 3 caba\u00f1as sobre una ladera en La Caldera","rel":"","context":"Entrada similar","block_context":{"text":"Entrada similar","link":""},"img":{"alt_text":"","src":"https:\/\/i0.wp.com\/www.lucianaanderson.com\/wp-content\/uploads\/2013\/12\/PORTFOLIO-hoja-1.a-vertical.jpg?fit=1000%2C698&resize=350%2C200","width":350,"height":200,"srcset":"https:\/\/i0.wp.com\/www.lucianaanderson.com\/wp-content\/uploads\/2013\/12\/PORTFOLIO-hoja-1.a-vertical.jpg?fit=1000%2C698&resize=350%2C200 1x, https:\/\/i0.wp.com\/www.lucianaanderson.com\/wp-content\/uploads\/2013\/12\/PORTFOLIO-hoja-1.a-vertical.jpg?fit=1000%2C698&resize=525%2C300 1.5x, https:\/\/i0.wp.com\/www.lucianaanderson.com\/wp-content\/uploads\/2013\/12\/PORTFOLIO-hoja-1.a-vertical.jpg?fit=1000%2C698&resize=700%2C400 2x"},"classes":[]}],"_links":{"self":[{"href":"http:\/\/www.lucianaanderson.com\/index.php?rest_route=\/wp\/v2\/pages\/245"}],"collection":[{"href":"http:\/\/www.lucianaanderson.com\/index.php?rest_route=\/wp\/v2\/pages"}],"about":[{"href":"http:\/\/www.lucianaanderson.com\/index.php?rest_route=\/wp\/v2\/types\/page"}],"author":[{"embeddable":true,"href":"http:\/\/www.lucianaanderson.com\/index.php?rest_route=\/wp\/v2\/users\/1"}],"replies":[{"embeddable":true,"href":"http:\/\/www.lucianaanderson.com\/index.php?rest_route=%2Fwp%2Fv2%2Fcomments&post=245"}],"version-history":[{"count":20,"href":"http:\/\/www.lucianaanderson.com\/index.php?rest_route=\/wp\/v2\/pages\/245\/revisions"}],"predecessor-version":[{"id":307,"href":"http:\/\/www.lucianaanderson.com\/index.php?rest_route=\/wp\/v2\/pages\/245\/revisions\/307"}],"wp:attachment":[{"href":"http:\/\/www.lucianaanderson.com\/index.php?rest_route=%2Fwp%2Fv2%2Fmedia&parent=245"}],"curies":[{"name":"wp","href":"https:\/\/api.w.org\/{rel}","templated":true}]}}